{"id":6632,"date":"2025-08-20T12:55:36","date_gmt":"2025-08-20T10:55:36","guid":{"rendered":"https:\/\/idemdental.es\/laboratoire-de-prothese-immediate\/"},"modified":"2025-11-21T08:59:33","modified_gmt":"2025-11-21T07:59:33","slug":"laboratoire-de-prothese-immediate","status":"publish","type":"page","link":"https:\/\/idemdental.es\/fr\/laboratoire-de-prothese-immediate\/","title":{"rendered":"Laboratoire de proth\u00e8se imm\u00e9diate"},"content":{"rendered":"<style>.elementor-6632 .elementor-element.elementor-element-53e17a6{--display:flex;--min-height:80vh;--flex-direction:row;--container-widget-width:initial;--container-widget-height:100%;--container-widget-flex-grow:1;--container-widget-align-self:stretch;--flex-wrap-mobile:wrap;--gap:0px 0px;--row-gap:0px;--column-gap:0px;--padding-top:0%;--padding-bottom:0%;--padding-left:0%;--padding-right:0%;}.elementor-6632 .elementor-element.elementor-element-d171028{--display:flex;--flex-direction:column;--container-widget-width:100%;--container-widget-height:initial;--container-widget-flex-grow:0;--container-widget-align-self:initial;--flex-wrap-mobile:wrap;--justify-content:flex-end;--padding-top:4%;--padding-bottom:12%;--padding-left:4%;--padding-right:4%;}.elementor-6632 .elementor-element.elementor-element-d171028:not(.elementor-motion-effects-element-type-background), .elementor-6632 .elementor-element.elementor-element-d171028 > .elementor-motion-effects-container > .elementor-motion-effects-layer{background-color:var( --e-global-color-accent );}.elementor-widget-breadcrumbs{font-family:var( --e-global-typography-secondary-font-family ), Sans-serif;font-weight:var( --e-global-typography-secondary-font-weight );font-style:var( --e-global-typography-secondary-font-style );text-decoration:var( --e-global-typography-secondary-text-decoration );}.elementor-6632 .elementor-element.elementor-element-bf5a047{font-family:\"Roboto\", Sans-serif;font-weight:200;font-style:italic;text-decoration:none;color:var( --e-global-color-ba4a899 );}.elementor-6632 .elementor-element.elementor-element-bf5a047 a{color:var( --e-global-color-ba4a899 );}.elementor-widget-heading .elementor-heading-title{font-family:var( --e-global-typography-primary-font-family ), Sans-serif;font-weight:var( --e-global-typography-primary-font-weight );text-decoration:var( --e-global-typography-primary-text-decoration );color:var( --e-global-color-primary );}.elementor-6632 .elementor-element.elementor-element-0a1346c .elementor-heading-title{font-family:\"Roboto\", Sans-serif;font-size:64px;font-weight:100;color:var( --e-global-color-ba4a899 );}.elementor-6632 .elementor-element.elementor-element-0f71903{--display:flex;--flex-direction:column;--container-widget-width:100%;--container-widget-height:initial;--container-widget-flex-grow:0;--container-widget-align-self:initial;--flex-wrap-mobile:wrap;--justify-content:flex-end;--overlay-opacity:1;--padding-top:4%;--padding-bottom:4%;--padding-left:4%;--padding-right:4%;}.elementor-6632 .elementor-element.elementor-element-0f71903:not(.elementor-motion-effects-element-type-background), .elementor-6632 .elementor-element.elementor-element-0f71903 > .elementor-motion-effects-container > .elementor-motion-effects-layer{background-image:url(\"https:\/\/idemdental.es\/wp-content\/uploads\/senor-mayor-idem2.jpg\");background-position:bottom right;background-repeat:no-repeat;background-size:cover;}.elementor-6632 .elementor-element.elementor-element-0f71903::before, .elementor-6632 .elementor-element.elementor-element-0f71903 > .elementor-background-video-container::before, .elementor-6632 .elementor-element.elementor-element-0f71903 > .e-con-inner > .elementor-background-video-container::before, .elementor-6632 .elementor-element.elementor-element-0f71903 > .elementor-background-slideshow::before, .elementor-6632 .elementor-element.elementor-element-0f71903 > .e-con-inner > .elementor-background-slideshow::before, .elementor-6632 .elementor-element.elementor-element-0f71903 > .elementor-motion-effects-container > .elementor-motion-effects-layer::before{background-color:transparent;--background-overlay:'';background-image:linear-gradient(90deg, var( --e-global-color-accent ) 0%, #FFFFFF00 48%);}.elementor-6632 .elementor-element.elementor-element-ebe7cf9{--display:flex;--min-height:100vh;--flex-direction:row;--container-widget-width:initial;--container-widget-height:100%;--container-widget-flex-grow:1;--container-widget-align-self:stretch;--flex-wrap-mobile:wrap;--gap:0px 0px;--row-gap:0px;--column-gap:0px;--padding-top:4%;--padding-bottom:4%;--padding-left:4%;--padding-right:4%;}.elementor-6632 .elementor-element.elementor-element-ebe7cf9:not(.elementor-motion-effects-element-type-background), .elementor-6632 .elementor-element.elementor-element-ebe7cf9 > .elementor-motion-effects-container > .elementor-motion-effects-layer{background-color:#F2F2F252;}.elementor-6632 .elementor-element.elementor-element-0889a34{--display:flex;--justify-content:flex-end;--border-radius:6px 6px 6px 6px;}.elementor-6632 .elementor-element.elementor-element-0889a34:not(.elementor-motion-effects-element-type-background), .elementor-6632 .elementor-element.elementor-element-0889a34 > .elementor-motion-effects-container > .elementor-motion-effects-layer{background-image:url(\"https:\/\/idemdental.es\/wp-content\/uploads\/creando-dentadura-protesis.jpg\");background-position:center center;background-repeat:no-repeat;background-size:cover;}.elementor-6632 .elementor-element.elementor-element-0889a34.e-con{--flex-grow:0;--flex-shrink:0;}.elementor-6632 .elementor-element.elementor-element-3d22d3b{--display:flex;--gap:0px 0px;--row-gap:0px;--column-gap:0px;--padding-top:0px;--padding-bottom:0px;--padding-left:0px;--padding-right:0px;}.elementor-6632 .elementor-element.elementor-element-3d22d3b.e-con{--flex-grow:0;--flex-shrink:0;}.elementor-6632 .elementor-element.elementor-element-814adb6{--display:flex;--padding-top:8%;--padding-bottom:12%;--padding-left:8%;--padding-right:8%;}.elementor-widget-text-editor{font-family:var( --e-global-typography-text-font-family ), Sans-serif;font-weight:var( --e-global-typography-text-font-weight );text-decoration:var( --e-global-typography-text-text-decoration );color:var( --e-global-color-text );}.elementor-widget-text-editor.elementor-drop-cap-view-stacked .elementor-drop-cap{background-color:var( --e-global-color-primary );}.elementor-widget-text-editor.elementor-drop-cap-view-framed .elementor-drop-cap, .elementor-widget-text-editor.elementor-drop-cap-view-default .elementor-drop-cap{color:var( --e-global-color-primary );border-color:var( --e-global-color-primary );}.elementor-6632 .elementor-element.elementor-element-c6ab4ac{width:var( --container-widget-width, 100% );max-width:100%;--container-widget-width:100%;--container-widget-flex-grow:0;font-family:\"Roboto\", Sans-serif;font-size:16px;font-weight:200;line-height:32px;color:var( --e-global-color-text );}.elementor-6632 .elementor-element.elementor-element-c6ab4ac.elementor-element{--align-self:flex-start;}.elementor-6632 .elementor-element.elementor-element-84ab827{width:var( --container-widget-width, 100% );max-width:100%;padding:0% 0% 1% 0%;--container-widget-width:100%;--container-widget-flex-grow:0;text-align:left;}.elementor-6632 .elementor-element.elementor-element-84ab827 .elementor-heading-title{font-family:\"Roboto\", Sans-serif;font-size:42px;font-weight:200;color:var( --e-global-color-text );}.elementor-6632 .elementor-element.elementor-element-062bbc0{width:var( --container-widget-width, 100% );max-width:100%;--container-widget-width:100%;--container-widget-flex-grow:0;font-family:\"Roboto\", Sans-serif;font-size:16px;font-weight:200;line-height:32px;color:#000000;}.elementor-6632 .elementor-element.elementor-element-062bbc0.elementor-element{--align-self:flex-start;}.elementor-6632 .elementor-element.elementor-element-92b1b62{--display:flex;--flex-direction:row;--container-widget-width:calc( ( 1 - var( --container-widget-flex-grow ) ) * 100% );--container-widget-height:100%;--container-widget-flex-grow:1;--container-widget-align-self:stretch;--flex-wrap-mobile:wrap;--align-items:flex-end;--padding-top:4%;--padding-bottom:0%;--padding-left:4%;--padding-right:4%;}.elementor-6632 .elementor-element.elementor-element-722acbc{--display:flex;--min-height:50vh;--flex-direction:column;--container-widget-width:100%;--container-widget-height:initial;--container-widget-flex-grow:0;--container-widget-align-self:initial;--flex-wrap-mobile:wrap;--border-radius:6px 6px 6px 6px;--margin-top:0%;--margin-bottom:0%;--margin-left:0%;--margin-right:0%;}.elementor-6632 .elementor-element.elementor-element-722acbc:not(.elementor-motion-effects-element-type-background), .elementor-6632 .elementor-element.elementor-element-722acbc > .elementor-motion-effects-container > .elementor-motion-effects-layer{background-image:url(\"https:\/\/idemdental.es\/wp-content\/uploads\/protesis-dental-muestras.jpg\");background-position:center center;background-repeat:no-repeat;background-size:cover;}:root{--page-title-display:none;}@media(min-width:768px){.elementor-6632 .elementor-element.elementor-element-d171028{--width:50%;}.elementor-6632 .elementor-element.elementor-element-0f71903{--width:50%;}.elementor-6632 .elementor-element.elementor-element-0889a34{--width:50%;}.elementor-6632 .elementor-element.elementor-element-3d22d3b{--width:50%;}.elementor-6632 .elementor-element.elementor-element-722acbc{--width:100%;}}@media(max-width:1200px) and (min-width:768px){.elementor-6632 .elementor-element.elementor-element-0889a34{--width:100%;}.elementor-6632 .elementor-element.elementor-element-3d22d3b{--width:939.5px;}}@media(max-width:1024px) and (min-width:768px){.elementor-6632 .elementor-element.elementor-element-0889a34{--width:95.229%;}.elementor-6632 .elementor-element.elementor-element-3d22d3b{--width:809.266px;}.elementor-6632 .elementor-element.elementor-element-814adb6{--width:100%;}}@media(max-width:880px) and (min-width:768px){.elementor-6632 .elementor-element.elementor-element-0889a34{--width:100%;}.elementor-6632 .elementor-element.elementor-element-3d22d3b{--width:703.281px;}.elementor-6632 .elementor-element.elementor-element-814adb6{--width:100%;}}@media(max-width:1366px){.elementor-6632 .elementor-element.elementor-element-0a1346c .elementor-heading-title{font-size:52px;}}@media(max-width:1200px){.elementor-6632 .elementor-element.elementor-element-ebe7cf9{--flex-direction:column;--container-widget-width:100%;--container-widget-height:initial;--container-widget-flex-grow:0;--container-widget-align-self:initial;--flex-wrap-mobile:wrap;}.elementor-6632 .elementor-element.elementor-element-0889a34{--min-height:45vh;}.elementor-6632 .elementor-element.elementor-element-814adb6{--padding-top:4%;--padding-bottom:4%;--padding-left:0%;--padding-right:0%;}.elementor-6632 .elementor-element.elementor-element-84ab827 .elementor-heading-title{font-size:32px;}.elementor-6632 .elementor-element.elementor-element-92b1b62{--padding-top:0%;--padding-bottom:0%;--padding-left:0%;--padding-right:0%;}}@media(max-width:1024px){.elementor-6632 .elementor-element.elementor-element-53e17a6{--min-height:65vh;}.elementor-6632 .elementor-element.elementor-element-0a1346c .elementor-heading-title{font-size:42px;}.elementor-6632 .elementor-element.elementor-element-ebe7cf9{--flex-direction:column;--container-widget-width:100%;--container-widget-height:initial;--container-widget-flex-grow:0;--container-widget-align-self:initial;--flex-wrap-mobile:wrap;}.elementor-6632 .elementor-element.elementor-element-0889a34{--min-height:45vh;}.elementor-6632 .elementor-element.elementor-element-814adb6{--padding-top:4%;--padding-bottom:0%;--padding-left:0%;--padding-right:0%;}.elementor-6632 .elementor-element.elementor-element-84ab827 .elementor-heading-title{font-size:32px;}.elementor-6632 .elementor-element.elementor-element-92b1b62{--padding-top:4%;--padding-bottom:0%;--padding-left:0%;--padding-right:0%;}}@media(max-width:880px){.elementor-6632 .elementor-element.elementor-element-0a1346c .elementor-heading-title{font-size:42px;}.elementor-6632 .elementor-element.elementor-element-ebe7cf9{--flex-direction:column;--container-widget-width:100%;--container-widget-height:initial;--container-widget-flex-grow:0;--container-widget-align-self:initial;--flex-wrap-mobile:wrap;}.elementor-6632 .elementor-element.elementor-element-0889a34{--min-height:45vh;}.elementor-6632 .elementor-element.elementor-element-814adb6{--padding-top:4%;--padding-bottom:0%;--padding-left:0%;--padding-right:0%;}.elementor-6632 .elementor-element.elementor-element-92b1b62{--padding-top:4%;--padding-bottom:0%;--padding-left:0%;--padding-right:0%;}}@media(max-width:767px){.elementor-6632 .elementor-element.elementor-element-d171028{--min-height:65vh;}.elementor-6632 .elementor-element.elementor-element-0a1346c .elementor-heading-title{font-size:42px;}.elementor-6632 .elementor-element.elementor-element-0f71903{--min-height:45vh;}.elementor-6632 .elementor-element.elementor-element-0889a34{--min-height:45vh;}.elementor-6632 .elementor-element.elementor-element-814adb6{--padding-top:4%;--padding-bottom:4%;--padding-left:0%;--padding-right:0%;}.elementor-6632 .elementor-element.elementor-element-84ab827 .elementor-heading-title{font-size:32px;}.elementor-6632 .elementor-element.elementor-element-92b1b62{--padding-top:4%;--padding-bottom:0%;--padding-left:0%;--padding-right:0%;}}<\/style>\t\t<div data-elementor-type=\"wp-page\" data-elementor-id=\"6632\" class=\"elementor elementor-6632 elementor-148\" data-elementor-post-type=\"page\">\n\t\t\t\t<div class=\"elementor-element elementor-element-53e17a6 e-con-full e-flex e-con e-parent\" data-id=\"53e17a6\" data-element_type=\"container\">\n\t\t<div class=\"elementor-element elementor-element-d171028 e-con-full e-flex e-con e-child\" data-id=\"d171028\" data-element_type=\"container\" data-settings=\"{&quot;background_background&quot;:&quot;classic&quot;}\">\n\t\t\t\t<div class=\"elementor-element elementor-element-bf5a047 elementor-widget elementor-widget-breadcrumbs\" data-id=\"bf5a047\" data-element_type=\"widget\" data-widget_type=\"breadcrumbs.default\">\n\t\t\t\t\t<p id=\"breadcrumbs\"><span><span><a href=\"https:\/\/idemdental.es\/fr\/accueil\/\">Inicio<\/a><\/span><\/span><\/p>\t\t\t\t<\/div>\n\t\t\t\t<div class=\"elementor-element elementor-element-0a1346c elementor-widget elementor-widget-heading\" data-id=\"0a1346c\" data-element_type=\"widget\" data-widget_type=\"heading.default\">\n\t\t\t\t\t<h1 class=\"elementor-heading-title elementor-size-default\"><i style=\"font-family: 'Playfair display', sans-serif\">Laboratoire de proth\u00e8ses dentaires imm\u00e9diat :<\/i> pr\u00e9cision sans attente<\/h1>\t\t\t\t<\/div>\n\t\t\t\t<\/div>\n\t\t<div class=\"elementor-element elementor-element-0f71903 e-con-full e-flex e-con e-child\" data-id=\"0f71903\" data-element_type=\"container\" data-settings=\"{&quot;background_background&quot;:&quot;classic&quot;}\">\n\t\t\t\t<\/div>\n\t\t\t\t<\/div>\n\t\t<div class=\"elementor-element elementor-element-ebe7cf9 e-con-full e-flex e-con e-parent\" data-id=\"ebe7cf9\" data-element_type=\"container\" data-settings=\"{&quot;background_background&quot;:&quot;classic&quot;}\">\n\t\t<div class=\"elementor-element elementor-element-0889a34 e-con-full e-flex e-con e-child\" data-id=\"0889a34\" data-element_type=\"container\" data-settings=\"{&quot;background_background&quot;:&quot;classic&quot;}\">\n\t\t\t\t<\/div>\n\t\t<div class=\"elementor-element elementor-element-3d22d3b e-con-full e-flex e-con e-child\" data-id=\"3d22d3b\" data-element_type=\"container\">\n\t\t<div class=\"elementor-element elementor-element-814adb6 e-con-full e-flex e-con e-child\" data-id=\"814adb6\" data-element_type=\"container\">\n\t\t\t\t<div class=\"elementor-element elementor-element-c6ab4ac elementor-widget__width-initial elementor-widget elementor-widget-text-editor\" data-id=\"c6ab4ac\" data-element_type=\"widget\" data-widget_type=\"text-editor.default\">\n\t\t\t\t\t\t\t\t\t<p>Chez IDEM, votre sourire est con\u00e7u avec pr\u00e9cision d\u00e8s le premier instant, gr\u00e2ce \u00e0 un laboratoire de proth\u00e8ses int\u00e9gr\u00e9 capable de r\u00e9pondre aux besoins de nos patients imm\u00e9diatement. Cela nous permet de garder un contr\u00f4le total sur les d\u00e9lais et sur l\u2019adaptation des restaurations. <\/p>\t\t\t\t\t\t\t\t<\/div>\n\t\t\t\t<div class=\"elementor-element elementor-element-84ab827 elementor-widget__width-initial elementor-widget elementor-widget-heading\" data-id=\"84ab827\" data-element_type=\"widget\" data-widget_type=\"heading.default\">\n\t\t\t\t\t<h2 class=\"elementor-heading-title elementor-size-default\">Obtenez la proth\u00e8se dentaire <i style=\"font-family: 'Playfair display', sans-serif\">parfaite<\/i> <\/h2>\t\t\t\t<\/div>\n\t\t\t\t<div class=\"elementor-element elementor-element-062bbc0 elementor-widget__width-initial elementor-widget elementor-widget-text-editor\" data-id=\"062bbc0\" data-element_type=\"widget\" data-widget_type=\"text-editor.default\">\n\t\t\t\t\t\t\t\t\t<p>Gr\u00e2ce \u00e0 la technologie la plus avanc\u00e9e, nous faisons en sorte que la couleur, la forme et la fonctionnalit\u00e9 de vos dents correspondent exactement \u00e0 vos attentes. Et tout cela, sans d\u00e9lai. <\/p><p><strong>Chez IDEM, l\u2019excellence commence avec la conception\u2026 et s\u2019ach\u00e8ve avec votre sourire.<\/strong><\/p>\t\t\t\t\t\t\t\t<\/div>\n\t\t\t\t<\/div>\n\t\t<div class=\"elementor-element elementor-element-92b1b62 e-con-full e-flex e-con e-child\" data-id=\"92b1b62\" data-element_type=\"container\">\n\t\t<div class=\"elementor-element elementor-element-722acbc e-con-full e-flex e-con e-child\" data-id=\"722acbc\" data-element_type=\"container\" data-settings=\"{&quot;background_background&quot;:&quot;classic&quot;}\">\n\t\t\t\t<\/div>\n\t\t\t\t<\/div>\n\t\t\t\t<\/div>\n\t\t\t\t<\/div>\n\t\t\t\t<\/div>\n\t\t","protected":false},"excerpt":{"rendered":"<p>Laboratoire de proth\u00e8ses dentaires imm\u00e9diat : pr\u00e9cision sans attente Chez IDEM, votre sourire est con\u00e7u avec pr\u00e9cision d\u00e8s le premier instant, gr\u00e2ce \u00e0 un laboratoire de proth\u00e8ses int\u00e9gr\u00e9 capable de r\u00e9pondre aux besoins de nos patients imm\u00e9diatement. Cela nous permet de garder un contr\u00f4le total sur les d\u00e9lais et sur l\u2019adaptation des restaurations. Obtenez la [&hellip;]<\/p>\n","protected":false},"author":1,"featured_media":0,"parent":0,"menu_order":0,"comment_status":"closed","ping_status":"closed","template":"","meta":{"footnotes":""},"class_list":["post-6632","page","type-page","status-publish","hentry"],"yoast_head":"<!-- This site is optimized with the Yoast SEO plugin v26.4 - https:\/\/yoast.com\/wordpress\/plugins\/seo\/ -->\n<title>Laboratoire de proth\u00e8se imm\u00e9diate - IDEM<\/title>\n<meta name=\"description\" content=\"Laboratoire de proth\u00e8ses dentaires imm\u00e9diat : pr\u00e9cision sans attente \u2713 Chez IDEM, votre sourire est con\u00e7u d\u00e8s le premier instant avec une imm\u00e9diatet\u00e9 absolue.\" \/>\n<meta name=\"robots\" content=\"index, follow, max-snippet:-1, max-image-preview:large, max-video-preview:-1\" \/>\n<link rel=\"canonical\" href=\"https:\/\/idemdental.es\/fr\/laboratoire-de-prothese-immediate\/\" \/>\n<meta property=\"og:locale\" content=\"fr_FR\" \/>\n<meta property=\"og:type\" content=\"article\" \/>\n<meta property=\"og:title\" content=\"Laboratoire de proth\u00e8se imm\u00e9diate - IDEM\" \/>\n<meta property=\"og:description\" content=\"Laboratoire de proth\u00e8ses dentaires imm\u00e9diat : pr\u00e9cision sans attente \u2713 Chez IDEM, votre sourire est con\u00e7u d\u00e8s le premier instant avec une imm\u00e9diatet\u00e9 absolue.\" \/>\n<meta property=\"og:url\" content=\"https:\/\/idemdental.es\/fr\/laboratoire-de-prothese-immediate\/\" \/>\n<meta property=\"og:site_name\" content=\"IDEM\" \/>\n<meta property=\"article:modified_time\" content=\"2025-11-21T07:59:33+00:00\" \/>\n<meta name=\"twitter:card\" content=\"summary_large_image\" \/>\n<meta name=\"twitter:label1\" content=\"Dur\u00e9e de lecture estim\u00e9e\" \/>\n\t<meta name=\"twitter:data1\" content=\"1 minute\" \/>\n<script type=\"application\/ld+json\" class=\"yoast-schema-graph\">{\"@context\":\"https:\/\/schema.org\",\"@graph\":[{\"@type\":\"WebPage\",\"@id\":\"https:\/\/idemdental.es\/fr\/laboratoire-de-prothese-immediate\/\",\"url\":\"https:\/\/idemdental.es\/fr\/laboratoire-de-prothese-immediate\/\",\"name\":\"Laboratoire de proth\u00e8se imm\u00e9diate - IDEM\",\"isPartOf\":{\"@id\":\"https:\/\/idemdental.es\/fr\/#website\"},\"datePublished\":\"2025-08-20T10:55:36+00:00\",\"dateModified\":\"2025-11-21T07:59:33+00:00\",\"description\":\"Laboratoire de proth\u00e8ses dentaires imm\u00e9diat : pr\u00e9cision sans attente \u2713 Chez IDEM, votre sourire est con\u00e7u d\u00e8s le premier instant avec une imm\u00e9diatet\u00e9 absolue.\",\"breadcrumb\":{\"@id\":\"https:\/\/idemdental.es\/fr\/laboratoire-de-prothese-immediate\/#breadcrumb\"},\"inLanguage\":\"fr-FR\",\"potentialAction\":[{\"@type\":\"ReadAction\",\"target\":[\"https:\/\/idemdental.es\/fr\/laboratoire-de-prothese-immediate\/\"]}]},{\"@type\":\"BreadcrumbList\",\"@id\":\"https:\/\/idemdental.es\/fr\/laboratoire-de-prothese-immediate\/#breadcrumb\",\"itemListElement\":[{\"@type\":\"ListItem\",\"position\":1,\"name\":\"Inicio\",\"item\":\"https:\/\/idemdental.es\/fr\/accueil\/\"},{\"@type\":\"ListItem\",\"position\":2,\"name\":\"Laboratoire de proth\u00e8se imm\u00e9diate\"}]},{\"@type\":\"WebSite\",\"@id\":\"https:\/\/idemdental.es\/fr\/#website\",\"url\":\"https:\/\/idemdental.es\/fr\/\",\"name\":\"IDEM\",\"description\":\"Cl\u00ednica dental Alicante\",\"potentialAction\":[{\"@type\":\"SearchAction\",\"target\":{\"@type\":\"EntryPoint\",\"urlTemplate\":\"https:\/\/idemdental.es\/fr\/?s={search_term_string}\"},\"query-input\":{\"@type\":\"PropertyValueSpecification\",\"valueRequired\":true,\"valueName\":\"search_term_string\"}}],\"inLanguage\":\"fr-FR\"}]}<\/script>\n<!-- \/ Yoast SEO plugin. -->","yoast_head_json":{"title":"Laboratoire de proth\u00e8se imm\u00e9diate - IDEM","description":"Laboratoire de proth\u00e8ses dentaires imm\u00e9diat : pr\u00e9cision sans attente \u2713 Chez IDEM, votre sourire est con\u00e7u d\u00e8s le premier instant avec une imm\u00e9diatet\u00e9 absolue.","robots":{"index":"index","follow":"follow","max-snippet":"max-snippet:-1","max-image-preview":"max-image-preview:large","max-video-preview":"max-video-preview:-1"},"canonical":"https:\/\/idemdental.es\/fr\/laboratoire-de-prothese-immediate\/","og_locale":"fr_FR","og_type":"article","og_title":"Laboratoire de proth\u00e8se imm\u00e9diate - IDEM","og_description":"Laboratoire de proth\u00e8ses dentaires imm\u00e9diat : pr\u00e9cision sans attente \u2713 Chez IDEM, votre sourire est con\u00e7u d\u00e8s le premier instant avec une imm\u00e9diatet\u00e9 absolue.","og_url":"https:\/\/idemdental.es\/fr\/laboratoire-de-prothese-immediate\/","og_site_name":"IDEM","article_modified_time":"2025-11-21T07:59:33+00:00","twitter_card":"summary_large_image","twitter_misc":{"Dur\u00e9e de lecture estim\u00e9e":"1 minute"},"schema":{"@context":"https:\/\/schema.org","@graph":[{"@type":"WebPage","@id":"https:\/\/idemdental.es\/fr\/laboratoire-de-prothese-immediate\/","url":"https:\/\/idemdental.es\/fr\/laboratoire-de-prothese-immediate\/","name":"Laboratoire de proth\u00e8se imm\u00e9diate - IDEM","isPartOf":{"@id":"https:\/\/idemdental.es\/fr\/#website"},"datePublished":"2025-08-20T10:55:36+00:00","dateModified":"2025-11-21T07:59:33+00:00","description":"Laboratoire de proth\u00e8ses dentaires imm\u00e9diat : pr\u00e9cision sans attente \u2713 Chez IDEM, votre sourire est con\u00e7u d\u00e8s le premier instant avec une imm\u00e9diatet\u00e9 absolue.","breadcrumb":{"@id":"https:\/\/idemdental.es\/fr\/laboratoire-de-prothese-immediate\/#breadcrumb"},"inLanguage":"fr-FR","potentialAction":[{"@type":"ReadAction","target":["https:\/\/idemdental.es\/fr\/laboratoire-de-prothese-immediate\/"]}]},{"@type":"BreadcrumbList","@id":"https:\/\/idemdental.es\/fr\/laboratoire-de-prothese-immediate\/#breadcrumb","itemListElement":[{"@type":"ListItem","position":1,"name":"Inicio","item":"https:\/\/idemdental.es\/fr\/accueil\/"},{"@type":"ListItem","position":2,"name":"Laboratoire de proth\u00e8se imm\u00e9diate"}]},{"@type":"WebSite","@id":"https:\/\/idemdental.es\/fr\/#website","url":"https:\/\/idemdental.es\/fr\/","name":"IDEM","description":"Cl\u00ednica dental Alicante","potentialAction":[{"@type":"SearchAction","target":{"@type":"EntryPoint","urlTemplate":"https:\/\/idemdental.es\/fr\/?s={search_term_string}"},"query-input":{"@type":"PropertyValueSpecification","valueRequired":true,"valueName":"search_term_string"}}],"inLanguage":"fr-FR"}]}},"_links":{"self":[{"href":"https:\/\/idemdental.es\/fr\/wp-json\/wp\/v2\/pages\/6632","targetHints":{"allow":["GET"]}}],"collection":[{"href":"https:\/\/idemdental.es\/fr\/wp-json\/wp\/v2\/pages"}],"about":[{"href":"https:\/\/idemdental.es\/fr\/wp-json\/wp\/v2\/types\/page"}],"author":[{"embeddable":true,"href":"https:\/\/idemdental.es\/fr\/wp-json\/wp\/v2\/users\/1"}],"replies":[{"embeddable":true,"href":"https:\/\/idemdental.es\/fr\/wp-json\/wp\/v2\/comments?post=6632"}],"version-history":[{"count":1,"href":"https:\/\/idemdental.es\/fr\/wp-json\/wp\/v2\/pages\/6632\/revisions"}],"predecessor-version":[{"id":7067,"href":"https:\/\/idemdental.es\/fr\/wp-json\/wp\/v2\/pages\/6632\/revisions\/7067"}],"wp:attachment":[{"href":"https:\/\/idemdental.es\/fr\/wp-json\/wp\/v2\/media?parent=6632"}],"curies":[{"name":"wp","href":"https:\/\/api.w.org\/{rel}","templated":true}]}}