{"id":6684,"date":"2025-08-20T12:53:49","date_gmt":"2025-08-20T10:53:49","guid":{"rendered":"https:\/\/idemdental.es\/orthopantomographie-et-scanner-3d\/"},"modified":"2025-11-21T08:52:27","modified_gmt":"2025-11-21T07:52:27","slug":"orthopantomographie-et-scanner-3d","status":"publish","type":"page","link":"https:\/\/idemdental.es\/fr\/orthopantomographie-et-scanner-3d\/","title":{"rendered":"Orthopantomographie et scanner 3D"},"content":{"rendered":"<style>.elementor-6684 .elementor-element.elementor-element-b4c57a8{--display:flex;--min-height:80vh;--flex-direction:row;--container-widget-width:initial;--container-widget-height:100%;--container-widget-flex-grow:1;--container-widget-align-self:stretch;--flex-wrap-mobile:wrap;--gap:0px 0px;--row-gap:0px;--column-gap:0px;--padding-top:0%;--padding-bottom:0%;--padding-left:0%;--padding-right:0%;}.elementor-6684 .elementor-element.elementor-element-0a89716{--display:flex;--flex-direction:column;--container-widget-width:100%;--container-widget-height:initial;--container-widget-flex-grow:0;--container-widget-align-self:initial;--flex-wrap-mobile:wrap;--justify-content:flex-end;--padding-top:4%;--padding-bottom:12%;--padding-left:4%;--padding-right:4%;}.elementor-6684 .elementor-element.elementor-element-0a89716:not(.elementor-motion-effects-element-type-background), .elementor-6684 .elementor-element.elementor-element-0a89716 > .elementor-motion-effects-container > .elementor-motion-effects-layer{background-color:var( --e-global-color-accent );}.elementor-widget-breadcrumbs{font-family:var( --e-global-typography-secondary-font-family ), Sans-serif;font-weight:var( --e-global-typography-secondary-font-weight );font-style:var( --e-global-typography-secondary-font-style );text-decoration:var( --e-global-typography-secondary-text-decoration );}.elementor-6684 .elementor-element.elementor-element-65c989b{font-family:\"Roboto\", Sans-serif;font-weight:200;font-style:italic;text-decoration:none;color:var( --e-global-color-ba4a899 );}.elementor-6684 .elementor-element.elementor-element-65c989b a{color:var( --e-global-color-ba4a899 );}.elementor-widget-heading .elementor-heading-title{font-family:var( --e-global-typography-primary-font-family ), Sans-serif;font-weight:var( --e-global-typography-primary-font-weight );text-decoration:var( --e-global-typography-primary-text-decoration );color:var( --e-global-color-primary );}.elementor-6684 .elementor-element.elementor-element-1817e6e .elementor-heading-title{font-family:\"Roboto\", Sans-serif;font-size:64px;font-weight:100;color:var( --e-global-color-ba4a899 );}.elementor-6684 .elementor-element.elementor-element-a76635b{--display:flex;--flex-direction:column;--container-widget-width:100%;--container-widget-height:initial;--container-widget-flex-grow:0;--container-widget-align-self:initial;--flex-wrap-mobile:wrap;--justify-content:flex-end;--overlay-opacity:1;--padding-top:4%;--padding-bottom:4%;--padding-left:4%;--padding-right:4%;}.elementor-6684 .elementor-element.elementor-element-a76635b:not(.elementor-motion-effects-element-type-background), .elementor-6684 .elementor-element.elementor-element-a76635b > .elementor-motion-effects-container > .elementor-motion-effects-layer{background-image:url(\"https:\/\/idemdental.es\/wp-content\/uploads\/escaner-3d-dental-para-cliente.jpg\");background-position:center center;background-repeat:no-repeat;background-size:cover;}.elementor-6684 .elementor-element.elementor-element-a76635b::before, .elementor-6684 .elementor-element.elementor-element-a76635b > .elementor-background-video-container::before, .elementor-6684 .elementor-element.elementor-element-a76635b > .e-con-inner > .elementor-background-video-container::before, .elementor-6684 .elementor-element.elementor-element-a76635b > .elementor-background-slideshow::before, .elementor-6684 .elementor-element.elementor-element-a76635b > .e-con-inner > .elementor-background-slideshow::before, .elementor-6684 .elementor-element.elementor-element-a76635b > .elementor-motion-effects-container > .elementor-motion-effects-layer::before{background-color:transparent;--background-overlay:'';background-image:linear-gradient(90deg, var( --e-global-color-accent ) 0%, #FFFFFF00 48%);}.elementor-6684 .elementor-element.elementor-element-a40ba6e{--display:flex;--flex-direction:row;--container-widget-width:initial;--container-widget-height:100%;--container-widget-flex-grow:1;--container-widget-align-self:stretch;--flex-wrap-mobile:wrap;--gap:22px 22px;--row-gap:22px;--column-gap:22px;--flex-wrap:wrap;--padding-top:8%;--padding-bottom:8%;--padding-left:4%;--padding-right:4%;}.elementor-6684 .elementor-element.elementor-element-a40ba6e:not(.elementor-motion-effects-element-type-background), .elementor-6684 .elementor-element.elementor-element-a40ba6e > .elementor-motion-effects-container > .elementor-motion-effects-layer{background-color:#F2F2F252;}.elementor-6684 .elementor-element.elementor-element-1eb9238{--display:flex;--flex-direction:column;--container-widget-width:calc( ( 1 - var( --container-widget-flex-grow ) ) * 100% );--container-widget-height:initial;--container-widget-flex-grow:0;--container-widget-align-self:initial;--flex-wrap-mobile:wrap;--justify-content:flex-start;--align-items:flex-end;--gap:12px 12px;--row-gap:12px;--column-gap:12px;--margin-top:0%;--margin-bottom:4%;--margin-left:0%;--margin-right:4%;--padding-top:0%;--padding-bottom:0%;--padding-left:0%;--padding-right:2%;}.elementor-6684 .elementor-element.elementor-element-1eb9238.e-con{--flex-grow:0;--flex-shrink:0;}.elementor-widget-text-editor{font-family:var( --e-global-typography-text-font-family ), Sans-serif;font-weight:var( --e-global-typography-text-font-weight );text-decoration:var( --e-global-typography-text-text-decoration );color:var( --e-global-color-text );}.elementor-widget-text-editor.elementor-drop-cap-view-stacked .elementor-drop-cap{background-color:var( --e-global-color-primary );}.elementor-widget-text-editor.elementor-drop-cap-view-framed .elementor-drop-cap, .elementor-widget-text-editor.elementor-drop-cap-view-default .elementor-drop-cap{color:var( --e-global-color-primary );border-color:var( --e-global-color-primary );}.elementor-6684 .elementor-element.elementor-element-8e00ad0{width:var( --container-widget-width, 100% );max-width:100%;padding:0% 0% 6% 0%;--container-widget-width:100%;--container-widget-flex-grow:0;font-family:\"Roboto\", Sans-serif;font-size:16px;font-weight:200;line-height:32px;color:#000000;}.elementor-6684 .elementor-element.elementor-element-8e00ad0.elementor-element{--align-self:flex-start;}.elementor-widget-icon-list .elementor-icon-list-item:not(:last-child):after{border-color:var( --e-global-color-text );}.elementor-widget-icon-list .elementor-icon-list-icon i{color:var( --e-global-color-primary );}.elementor-widget-icon-list .elementor-icon-list-icon svg{fill:var( --e-global-color-primary );}.elementor-widget-icon-list .elementor-icon-list-item > .elementor-icon-list-text, .elementor-widget-icon-list .elementor-icon-list-item > a{font-family:var( --e-global-typography-text-font-family ), Sans-serif;font-weight:var( --e-global-typography-text-font-weight );text-decoration:var( --e-global-typography-text-text-decoration );}.elementor-widget-icon-list .elementor-icon-list-text{color:var( --e-global-color-secondary );}.elementor-6684 .elementor-element.elementor-element-d2659d3{background-color:var( --e-global-color-accent );padding:4px 12px 4px 12px;border-radius:80px 80px 80px 80px;--e-icon-list-icon-size:14px;--icon-vertical-offset:0px;}.elementor-6684 .elementor-element.elementor-element-d2659d3.elementor-element{--align-self:flex-start;}.elementor-6684 .elementor-element.elementor-element-d2659d3 .elementor-icon-list-icon i{color:var( --e-global-color-primary );transition:color 0.3s;}.elementor-6684 .elementor-element.elementor-element-d2659d3 .elementor-icon-list-icon svg{fill:var( --e-global-color-primary );transition:fill 0.3s;}.elementor-6684 .elementor-element.elementor-element-d2659d3 .elementor-icon-list-item > .elementor-icon-list-text, .elementor-6684 .elementor-element.elementor-element-d2659d3 .elementor-icon-list-item > a{font-family:\"Roboto\", Sans-serif;font-weight:300;}.elementor-6684 .elementor-element.elementor-element-d2659d3 .elementor-icon-list-text{color:var( --e-global-color-ba4a899 );transition:color 0.3s;}.elementor-6684 .elementor-element.elementor-element-066d647{width:var( --container-widget-width, 100% );max-width:100%;padding:0% 0% 1% 0%;--container-widget-width:100%;--container-widget-flex-grow:0;text-align:left;}.elementor-6684 .elementor-element.elementor-element-066d647 .elementor-heading-title{font-family:\"Roboto\", Sans-serif;font-size:42px;font-weight:200;color:var( --e-global-color-text );}.elementor-6684 .elementor-element.elementor-element-00dc182{width:var( --container-widget-width, 100% );max-width:100%;--container-widget-width:100%;--container-widget-flex-grow:0;font-family:\"Roboto\", Sans-serif;font-size:16px;font-weight:200;line-height:32px;color:#000000;}.elementor-6684 .elementor-element.elementor-element-00dc182.elementor-element{--align-self:flex-start;}.elementor-6684 .elementor-element.elementor-element-088e51a{--display:flex;--min-height:100vh;--flex-direction:column;--container-widget-width:100%;--container-widget-height:initial;--container-widget-flex-grow:0;--container-widget-align-self:initial;--flex-wrap-mobile:wrap;--justify-content:flex-end;--border-radius:12px 12px 12px 12px;--padding-top:1%;--padding-bottom:1%;--padding-left:1%;--padding-right:1%;}.elementor-6684 .elementor-element.elementor-element-088e51a:not(.elementor-motion-effects-element-type-background), .elementor-6684 .elementor-element.elementor-element-088e51a > .elementor-motion-effects-container > .elementor-motion-effects-layer{background-image:url(\"https:\/\/idemdental.es\/wp-content\/uploads\/chica-trabajando-con-maquina-dental-3d.jpg\");background-position:center center;background-size:cover;}.elementor-6684 .elementor-element.elementor-element-088e51a:hover{border-style:none;}.elementor-6684 .elementor-element.elementor-element-088e51a, .elementor-6684 .elementor-element.elementor-element-088e51a::before{--border-transition:0.3s;}.elementor-6684 .elementor-element.elementor-element-088e51a.e-con{--flex-grow:0;--flex-shrink:0;}:root{--page-title-display:none;}@media(min-width:768px){.elementor-6684 .elementor-element.elementor-element-0a89716{--width:50%;}.elementor-6684 .elementor-element.elementor-element-a76635b{--width:50%;}.elementor-6684 .elementor-element.elementor-element-1eb9238{--width:40%;}.elementor-6684 .elementor-element.elementor-element-088e51a{--width:52%;}}@media(max-width:1200px) and (min-width:768px){.elementor-6684 .elementor-element.elementor-element-1eb9238{--width:100%;}.elementor-6684 .elementor-element.elementor-element-088e51a{--width:100%;}}@media(max-width:1024px) and (min-width:768px){.elementor-6684 .elementor-element.elementor-element-1eb9238{--width:100%;}.elementor-6684 .elementor-element.elementor-element-088e51a{--width:100%;}}@media(max-width:880px) and (min-width:768px){.elementor-6684 .elementor-element.elementor-element-1eb9238{--width:100%;}.elementor-6684 .elementor-element.elementor-element-088e51a{--width:100%;}}@media(max-width:1366px){.elementor-6684 .elementor-element.elementor-element-b4c57a8{--min-height:65vh;}.elementor-6684 .elementor-element.elementor-element-066d647 .elementor-heading-title{font-size:32px;}}@media(max-width:1200px){.elementor-6684 .elementor-element.elementor-element-b4c57a8{--min-height:55vh;}.elementor-6684 .elementor-element.elementor-element-a40ba6e{--flex-direction:column;--container-widget-width:100%;--container-widget-height:initial;--container-widget-flex-grow:0;--container-widget-align-self:initial;--flex-wrap-mobile:wrap;}.elementor-6684 .elementor-element.elementor-element-066d647 .elementor-heading-title{font-size:32px;}.elementor-6684 .elementor-element.elementor-element-088e51a{--min-height:65vh;}}@media(max-width:1024px){.elementor-6684 .elementor-element.elementor-element-b4c57a8{--min-height:55vh;}.elementor-6684 .elementor-element.elementor-element-1817e6e .elementor-heading-title{font-size:45px;}.elementor-6684 .elementor-element.elementor-element-a40ba6e{--flex-direction:column;--container-widget-width:100%;--container-widget-height:initial;--container-widget-flex-grow:0;--container-widget-align-self:initial;--flex-wrap-mobile:wrap;}.elementor-6684 .elementor-element.elementor-element-066d647 .elementor-heading-title{font-size:32px;}.elementor-6684 .elementor-element.elementor-element-088e51a{--min-height:50vh;}}@media(max-width:880px){.elementor-6684 .elementor-element.elementor-element-b4c57a8{--min-height:60vh;}.elementor-6684 .elementor-element.elementor-element-1817e6e .elementor-heading-title{font-size:42px;}.elementor-6684 .elementor-element.elementor-element-a40ba6e{--flex-direction:column;--container-widget-width:100%;--container-widget-height:initial;--container-widget-flex-grow:0;--container-widget-align-self:initial;--flex-wrap-mobile:wrap;}.elementor-6684 .elementor-element.elementor-element-066d647 .elementor-heading-title{font-size:32px;}.elementor-6684 .elementor-element.elementor-element-088e51a{--min-height:75vh;}}@media(max-width:767px){.elementor-6684 .elementor-element.elementor-element-0a89716{--min-height:65vh;}.elementor-6684 .elementor-element.elementor-element-1817e6e .elementor-heading-title{font-size:42px;}.elementor-6684 .elementor-element.elementor-element-a76635b{--min-height:45vh;}.elementor-6684 .elementor-element.elementor-element-1eb9238{--padding-top:0%;--padding-bottom:0%;--padding-left:0%;--padding-right:0%;}.elementor-6684 .elementor-element.elementor-element-066d647 .elementor-heading-title{font-size:22px;}.elementor-6684 .elementor-element.elementor-element-088e51a{--min-height:55vh;}}\/* Start custom CSS for container, class: .elementor-element-a40ba6e *\/.elementor-6684 .elementor-element.elementor-element-a40ba6e a {\n  text-decoration: none !important;\n}\/* End custom CSS *\/<\/style>\t\t<div data-elementor-type=\"wp-page\" data-elementor-id=\"6684\" class=\"elementor elementor-6684 elementor-136\" data-elementor-post-type=\"page\">\n\t\t\t\t<div class=\"elementor-element elementor-element-b4c57a8 e-con-full e-flex e-con e-parent\" data-id=\"b4c57a8\" data-element_type=\"container\">\n\t\t<div class=\"elementor-element elementor-element-0a89716 e-con-full e-flex e-con e-child\" data-id=\"0a89716\" data-element_type=\"container\" data-settings=\"{&quot;background_background&quot;:&quot;classic&quot;}\">\n\t\t\t\t<div class=\"elementor-element elementor-element-65c989b elementor-widget elementor-widget-breadcrumbs\" data-id=\"65c989b\" data-element_type=\"widget\" data-widget_type=\"breadcrumbs.default\">\n\t\t\t\t\t<p id=\"breadcrumbs\"><span><span><a href=\"https:\/\/idemdental.es\/fr\/accueil\/\">Inicio<\/a><\/span><\/span><\/p>\t\t\t\t<\/div>\n\t\t\t\t<div class=\"elementor-element elementor-element-1817e6e elementor-widget elementor-widget-heading\" data-id=\"1817e6e\" data-element_type=\"widget\" data-widget_type=\"heading.default\">\n\t\t\t\t\t<h1 class=\"elementor-heading-title elementor-size-default\"><i style=\"font-family: 'Playfair display', sans-serif\">Orthopantomographie dentaire<\/i> et scanner 3D&nbsp;: un diagnostic avec une vision globale.<\/h1>\t\t\t\t<\/div>\n\t\t\t\t<\/div>\n\t\t<div class=\"elementor-element elementor-element-a76635b e-con-full e-flex e-con e-child\" data-id=\"a76635b\" data-element_type=\"container\" data-settings=\"{&quot;background_background&quot;:&quot;classic&quot;}\">\n\t\t\t\t<\/div>\n\t\t\t\t<\/div>\n\t\t<div class=\"elementor-element elementor-element-a40ba6e e-con-full e-flex e-con e-parent\" data-id=\"a40ba6e\" data-element_type=\"container\" data-settings=\"{&quot;background_background&quot;:&quot;classic&quot;}\">\n\t\t<div class=\"elementor-element elementor-element-1eb9238 e-con-full e-flex e-con e-child\" data-id=\"1eb9238\" data-element_type=\"container\">\n\t\t\t\t<div class=\"elementor-element elementor-element-8e00ad0 elementor-widget__width-initial elementor-widget elementor-widget-text-editor\" data-id=\"8e00ad0\" data-element_type=\"widget\" data-widget_type=\"text-editor.default\">\n\t\t\t\t\t\t\t\t\t<p><strong>Chez IDEM, nous travaillons avec rigueur clinique et une pr\u00e9cision maximale.<\/strong> C&rsquo;est pourquoi nous int\u00e9grons des outils d&rsquo;imagerie avanc\u00e9s tels que l&rsquo;orthopantomographie (radiographie panoramique) et le scanner 3D (CBCT), qui nous permettent d&rsquo;obtenir une vision compl\u00e8te et d\u00e9taill\u00e9e de l&rsquo;anatomie bucco-dentaire du patient.<\/p>\t\t\t\t\t\t\t\t<\/div>\n\t\t\t\t<div class=\"elementor-element elementor-element-d2659d3 elementor-align-left elementor-icon-list--layout-traditional elementor-list-item-link-full_width elementor-widget elementor-widget-icon-list\" data-id=\"d2659d3\" data-element_type=\"widget\" data-widget_type=\"icon-list.default\">\n\t\t\t\t\t\t\t<ul class=\"elementor-icon-list-items\">\n\t\t\t\t\t\t\t<li class=\"elementor-icon-list-item\">\n\t\t\t\t\t\t\t\t\t\t<span class=\"elementor-icon-list-text\">Processus<\/span>\n\t\t\t\t\t\t\t\t\t<\/li>\n\t\t\t\t\t\t<\/ul>\n\t\t\t\t\t\t<\/div>\n\t\t\t\t<div class=\"elementor-element elementor-element-066d647 elementor-widget__width-initial elementor-widget elementor-widget-heading\" data-id=\"066d647\" data-element_type=\"widget\" data-widget_type=\"heading.default\">\n\t\t\t\t\t<h2 class=\"elementor-heading-title elementor-size-default\">Qu'est-ce qu'une orthopantomographie dentaire et que voit-on gr\u00e2ce \u00e0 elle&nbsp;?<\/h2>\t\t\t\t<\/div>\n\t\t\t\t<div class=\"elementor-element elementor-element-00dc182 elementor-widget__width-initial elementor-widget elementor-widget-text-editor\" data-id=\"00dc182\" data-element_type=\"widget\" data-widget_type=\"text-editor.default\">\n\t\t\t\t\t\t\t\t\t<p>Gr\u00e2ce \u00e0 ces technologies, nous visualisons en une seule exploration l&rsquo;\u00e9tat des dents, des maxillaires, des articulations et des structures osseuses, ce qui est essentiel pour planifier les traitements avec exactitude, anticiper les risques et offrir un diagnostic complet et personnalis\u00e9.<\/p>\n<p>Ces examens sont rapides, confortables et s\u00fbrs, car ils utilisent de faibles doses de radiation et offrent une image tridimensionnelle avec une nettet\u00e9 qui am\u00e9liore consid\u00e9rablement la qualit\u00e9 du diagnostic.<\/p>\n<p><strong>Chez IDEM, mieux voir, c&rsquo;est mieux soigner.<\/strong><\/p>\t\t\t\t\t\t\t\t<\/div>\n\t\t\t\t<\/div>\n\t\t<a class=\"elementor-element elementor-element-088e51a e-con-full e-flex e-con e-child\" data-id=\"088e51a\" data-element_type=\"container\" data-settings=\"{&quot;background_background&quot;:&quot;classic&quot;}\" href=\"https:\/\/idemdental.es\/implantes-dentales\/\">\n\t\t\t\t<\/a>\n\t\t\t\t<\/div>\n\t\t\t\t<\/div>\n\t\t","protected":false},"excerpt":{"rendered":"<p>Orthopantomographie dentaire et scanner 3D&nbsp;: un diagnostic avec une vision globale. Chez IDEM, nous travaillons avec rigueur clinique et une pr\u00e9cision maximale. C&rsquo;est pourquoi nous int\u00e9grons des outils d&rsquo;imagerie avanc\u00e9s tels que l&rsquo;orthopantomographie (radiographie panoramique) et le scanner 3D (CBCT), qui nous permettent d&rsquo;obtenir une vision compl\u00e8te et d\u00e9taill\u00e9e de l&rsquo;anatomie bucco-dentaire du patient. Processus [&hellip;]<\/p>\n","protected":false},"author":1,"featured_media":0,"parent":0,"menu_order":0,"comment_status":"closed","ping_status":"closed","template":"","meta":{"footnotes":""},"class_list":["post-6684","page","type-page","status-publish","hentry"],"yoast_head":"<!-- This site is optimized with the Yoast SEO plugin v26.4 - https:\/\/yoast.com\/wordpress\/plugins\/seo\/ -->\n<title>Orthopantomographie et scanner 3D - IDEM<\/title>\n<meta name=\"description\" content=\"Orthopantomographie dentaire et scanner 3D\u00a0: un diagnostic avec une vision globale. Chez IDEM, nous travaillons avec rigueur clinique et une pr\u00e9cision maximale.\" \/>\n<meta name=\"robots\" content=\"index, follow, max-snippet:-1, max-image-preview:large, max-video-preview:-1\" \/>\n<link rel=\"canonical\" href=\"https:\/\/idemdental.es\/fr\/orthopantomographie-et-scanner-3d\/\" \/>\n<meta property=\"og:locale\" content=\"fr_FR\" \/>\n<meta property=\"og:type\" content=\"article\" \/>\n<meta property=\"og:title\" content=\"Orthopantomographie et scanner 3D - IDEM\" \/>\n<meta property=\"og:description\" content=\"Orthopantomographie dentaire et scanner 3D\u00a0: un diagnostic avec une vision globale. Chez IDEM, nous travaillons avec rigueur clinique et une pr\u00e9cision maximale.\" \/>\n<meta property=\"og:url\" content=\"https:\/\/idemdental.es\/fr\/orthopantomographie-et-scanner-3d\/\" \/>\n<meta property=\"og:site_name\" content=\"IDEM\" \/>\n<meta property=\"article:modified_time\" content=\"2025-11-21T07:52:27+00:00\" \/>\n<meta name=\"twitter:card\" content=\"summary_large_image\" \/>\n<meta name=\"twitter:label1\" content=\"Dur\u00e9e de lecture estim\u00e9e\" \/>\n\t<meta name=\"twitter:data1\" content=\"1 minute\" \/>\n<script type=\"application\/ld+json\" class=\"yoast-schema-graph\">{\"@context\":\"https:\/\/schema.org\",\"@graph\":[{\"@type\":\"WebPage\",\"@id\":\"https:\/\/idemdental.es\/fr\/orthopantomographie-et-scanner-3d\/\",\"url\":\"https:\/\/idemdental.es\/fr\/orthopantomographie-et-scanner-3d\/\",\"name\":\"Orthopantomographie et scanner 3D - IDEM\",\"isPartOf\":{\"@id\":\"https:\/\/idemdental.es\/fr\/#website\"},\"datePublished\":\"2025-08-20T10:53:49+00:00\",\"dateModified\":\"2025-11-21T07:52:27+00:00\",\"description\":\"Orthopantomographie dentaire et scanner 3D\u00a0: un diagnostic avec une vision globale. Chez IDEM, nous travaillons avec rigueur clinique et une pr\u00e9cision maximale.\",\"breadcrumb\":{\"@id\":\"https:\/\/idemdental.es\/fr\/orthopantomographie-et-scanner-3d\/#breadcrumb\"},\"inLanguage\":\"fr-FR\",\"potentialAction\":[{\"@type\":\"ReadAction\",\"target\":[\"https:\/\/idemdental.es\/fr\/orthopantomographie-et-scanner-3d\/\"]}]},{\"@type\":\"BreadcrumbList\",\"@id\":\"https:\/\/idemdental.es\/fr\/orthopantomographie-et-scanner-3d\/#breadcrumb\",\"itemListElement\":[{\"@type\":\"ListItem\",\"position\":1,\"name\":\"Inicio\",\"item\":\"https:\/\/idemdental.es\/fr\/accueil\/\"},{\"@type\":\"ListItem\",\"position\":2,\"name\":\"Orthopantomographie et scanner 3D\"}]},{\"@type\":\"WebSite\",\"@id\":\"https:\/\/idemdental.es\/fr\/#website\",\"url\":\"https:\/\/idemdental.es\/fr\/\",\"name\":\"IDEM\",\"description\":\"Cl\u00ednica dental Alicante\",\"potentialAction\":[{\"@type\":\"SearchAction\",\"target\":{\"@type\":\"EntryPoint\",\"urlTemplate\":\"https:\/\/idemdental.es\/fr\/?s={search_term_string}\"},\"query-input\":{\"@type\":\"PropertyValueSpecification\",\"valueRequired\":true,\"valueName\":\"search_term_string\"}}],\"inLanguage\":\"fr-FR\"}]}<\/script>\n<!-- \/ Yoast SEO plugin. -->","yoast_head_json":{"title":"Orthopantomographie et scanner 3D - IDEM","description":"Orthopantomographie dentaire et scanner 3D\u00a0: un diagnostic avec une vision globale. Chez IDEM, nous travaillons avec rigueur clinique et une pr\u00e9cision maximale.","robots":{"index":"index","follow":"follow","max-snippet":"max-snippet:-1","max-image-preview":"max-image-preview:large","max-video-preview":"max-video-preview:-1"},"canonical":"https:\/\/idemdental.es\/fr\/orthopantomographie-et-scanner-3d\/","og_locale":"fr_FR","og_type":"article","og_title":"Orthopantomographie et scanner 3D - IDEM","og_description":"Orthopantomographie dentaire et scanner 3D\u00a0: un diagnostic avec une vision globale. Chez IDEM, nous travaillons avec rigueur clinique et une pr\u00e9cision maximale.","og_url":"https:\/\/idemdental.es\/fr\/orthopantomographie-et-scanner-3d\/","og_site_name":"IDEM","article_modified_time":"2025-11-21T07:52:27+00:00","twitter_card":"summary_large_image","twitter_misc":{"Dur\u00e9e de lecture estim\u00e9e":"1 minute"},"schema":{"@context":"https:\/\/schema.org","@graph":[{"@type":"WebPage","@id":"https:\/\/idemdental.es\/fr\/orthopantomographie-et-scanner-3d\/","url":"https:\/\/idemdental.es\/fr\/orthopantomographie-et-scanner-3d\/","name":"Orthopantomographie et scanner 3D - IDEM","isPartOf":{"@id":"https:\/\/idemdental.es\/fr\/#website"},"datePublished":"2025-08-20T10:53:49+00:00","dateModified":"2025-11-21T07:52:27+00:00","description":"Orthopantomographie dentaire et scanner 3D\u00a0: un diagnostic avec une vision globale. Chez IDEM, nous travaillons avec rigueur clinique et une pr\u00e9cision maximale.","breadcrumb":{"@id":"https:\/\/idemdental.es\/fr\/orthopantomographie-et-scanner-3d\/#breadcrumb"},"inLanguage":"fr-FR","potentialAction":[{"@type":"ReadAction","target":["https:\/\/idemdental.es\/fr\/orthopantomographie-et-scanner-3d\/"]}]},{"@type":"BreadcrumbList","@id":"https:\/\/idemdental.es\/fr\/orthopantomographie-et-scanner-3d\/#breadcrumb","itemListElement":[{"@type":"ListItem","position":1,"name":"Inicio","item":"https:\/\/idemdental.es\/fr\/accueil\/"},{"@type":"ListItem","position":2,"name":"Orthopantomographie et scanner 3D"}]},{"@type":"WebSite","@id":"https:\/\/idemdental.es\/fr\/#website","url":"https:\/\/idemdental.es\/fr\/","name":"IDEM","description":"Cl\u00ednica dental Alicante","potentialAction":[{"@type":"SearchAction","target":{"@type":"EntryPoint","urlTemplate":"https:\/\/idemdental.es\/fr\/?s={search_term_string}"},"query-input":{"@type":"PropertyValueSpecification","valueRequired":true,"valueName":"search_term_string"}}],"inLanguage":"fr-FR"}]}},"_links":{"self":[{"href":"https:\/\/idemdental.es\/fr\/wp-json\/wp\/v2\/pages\/6684","targetHints":{"allow":["GET"]}}],"collection":[{"href":"https:\/\/idemdental.es\/fr\/wp-json\/wp\/v2\/pages"}],"about":[{"href":"https:\/\/idemdental.es\/fr\/wp-json\/wp\/v2\/types\/page"}],"author":[{"embeddable":true,"href":"https:\/\/idemdental.es\/fr\/wp-json\/wp\/v2\/users\/1"}],"replies":[{"embeddable":true,"href":"https:\/\/idemdental.es\/fr\/wp-json\/wp\/v2\/comments?post=6684"}],"version-history":[{"count":1,"href":"https:\/\/idemdental.es\/fr\/wp-json\/wp\/v2\/pages\/6684\/revisions"}],"predecessor-version":[{"id":7057,"href":"https:\/\/idemdental.es\/fr\/wp-json\/wp\/v2\/pages\/6684\/revisions\/7057"}],"wp:attachment":[{"href":"https:\/\/idemdental.es\/fr\/wp-json\/wp\/v2\/media?parent=6684"}],"curies":[{"name":"wp","href":"https:\/\/api.w.org\/{rel}","templated":true}]}}