{"id":7040,"date":"2025-08-20T12:55:18","date_gmt":"2025-08-20T10:55:18","guid":{"rendered":"https:\/\/idemdental.es\/energie-lumineuse-reparatrice-apres-une-intervention-chirurgicale\/"},"modified":"2025-11-21T08:47:40","modified_gmt":"2025-11-21T07:47:40","slug":"energie-lumineuse-reparatrice-apres-une-intervention-chirurgicale","status":"publish","type":"page","link":"https:\/\/idemdental.es\/fr\/energie-lumineuse-reparatrice-apres-une-intervention-chirurgicale\/","title":{"rendered":"\u00c9nergie lumineuse r\u00e9paratrice apr\u00e8s une intervention chirurgicale"},"content":{"rendered":"<style>.elementor-7040 .elementor-element.elementor-element-46217ee{--display:flex;--min-height:80vh;--flex-direction:row;--container-widget-width:initial;--container-widget-height:100%;--container-widget-flex-grow:1;--container-widget-align-self:stretch;--flex-wrap-mobile:wrap;--gap:0px 0px;--row-gap:0px;--column-gap:0px;--padding-top:0%;--padding-bottom:0%;--padding-left:0%;--padding-right:0%;}.elementor-7040 .elementor-element.elementor-element-c178ad6{--display:flex;--flex-direction:column;--container-widget-width:100%;--container-widget-height:initial;--container-widget-flex-grow:0;--container-widget-align-self:initial;--flex-wrap-mobile:wrap;--justify-content:flex-end;--padding-top:4%;--padding-bottom:8%;--padding-left:4%;--padding-right:0%;}.elementor-7040 .elementor-element.elementor-element-c178ad6:not(.elementor-motion-effects-element-type-background), .elementor-7040 .elementor-element.elementor-element-c178ad6 > .elementor-motion-effects-container > .elementor-motion-effects-layer{background-color:var( --e-global-color-accent );}.elementor-widget-breadcrumbs{font-family:var( --e-global-typography-secondary-font-family ), Sans-serif;font-weight:var( --e-global-typography-secondary-font-weight );font-style:var( --e-global-typography-secondary-font-style );text-decoration:var( --e-global-typography-secondary-text-decoration );}.elementor-7040 .elementor-element.elementor-element-8d67581{font-family:\"Roboto\", Sans-serif;font-weight:200;font-style:italic;text-decoration:none;color:var( --e-global-color-ba4a899 );}.elementor-7040 .elementor-element.elementor-element-8d67581 a{color:var( --e-global-color-ba4a899 );}.elementor-widget-heading .elementor-heading-title{font-family:var( --e-global-typography-primary-font-family ), Sans-serif;font-weight:var( --e-global-typography-primary-font-weight );text-decoration:var( --e-global-typography-primary-text-decoration );color:var( --e-global-color-primary );}.elementor-7040 .elementor-element.elementor-element-113c34b .elementor-heading-title{font-family:\"Roboto\", Sans-serif;font-size:64px;font-weight:100;color:var( --e-global-color-ba4a899 );}.elementor-7040 .elementor-element.elementor-element-8873520{--display:flex;--flex-direction:column;--container-widget-width:100%;--container-widget-height:initial;--container-widget-flex-grow:0;--container-widget-align-self:initial;--flex-wrap-mobile:wrap;--justify-content:flex-end;--overlay-opacity:1;--padding-top:4%;--padding-bottom:4%;--padding-left:4%;--padding-right:4%;}.elementor-7040 .elementor-element.elementor-element-8873520:not(.elementor-motion-effects-element-type-background), .elementor-7040 .elementor-element.elementor-element-8873520 > .elementor-motion-effects-container > .elementor-motion-effects-layer{background-image:url(\"https:\/\/idemdental.es\/wp-content\/uploads\/chico-joven-en-fondo-marron.jpg\");background-position:bottom right;background-repeat:no-repeat;background-size:cover;}.elementor-7040 .elementor-element.elementor-element-8873520::before, .elementor-7040 .elementor-element.elementor-element-8873520 > .elementor-background-video-container::before, .elementor-7040 .elementor-element.elementor-element-8873520 > .e-con-inner > .elementor-background-video-container::before, .elementor-7040 .elementor-element.elementor-element-8873520 > .elementor-background-slideshow::before, .elementor-7040 .elementor-element.elementor-element-8873520 > .e-con-inner > .elementor-background-slideshow::before, .elementor-7040 .elementor-element.elementor-element-8873520 > .elementor-motion-effects-container > .elementor-motion-effects-layer::before{background-color:transparent;--background-overlay:'';background-image:linear-gradient(90deg, var( --e-global-color-accent ) 0%, #FFFFFF00 48%);}.elementor-7040 .elementor-element.elementor-element-2687206{--display:flex;--min-height:100vh;--flex-direction:row;--container-widget-width:initial;--container-widget-height:100%;--container-widget-flex-grow:1;--container-widget-align-self:stretch;--flex-wrap-mobile:wrap;--gap:0px 0px;--row-gap:0px;--column-gap:0px;--padding-top:8%;--padding-bottom:2%;--padding-left:4%;--padding-right:4%;}.elementor-7040 .elementor-element.elementor-element-2687206:not(.elementor-motion-effects-element-type-background), .elementor-7040 .elementor-element.elementor-element-2687206 > .elementor-motion-effects-container > .elementor-motion-effects-layer{background-color:#F2F2F252;}.elementor-7040 .elementor-element.elementor-element-ff8abf4{--display:flex;--justify-content:flex-end;--border-radius:6px 6px 6px 6px;}.elementor-7040 .elementor-element.elementor-element-ff8abf4:not(.elementor-motion-effects-element-type-background), .elementor-7040 .elementor-element.elementor-element-ff8abf4 > .elementor-motion-effects-container > .elementor-motion-effects-layer{background-image:url(\"https:\/\/idemdental.es\/wp-content\/uploads\/chica-ahciendose-luminoterapia.jpg\");background-position:center center;background-repeat:no-repeat;background-size:cover;}.elementor-7040 .elementor-element.elementor-element-ff8abf4.e-con{--flex-grow:0;--flex-shrink:0;}.elementor-7040 .elementor-element.elementor-element-36797bd{--display:flex;--gap:0px 0px;--row-gap:0px;--column-gap:0px;--padding-top:0px;--padding-bottom:0px;--padding-left:0px;--padding-right:0px;}.elementor-7040 .elementor-element.elementor-element-36797bd.e-con{--flex-grow:0;--flex-shrink:0;}.elementor-7040 .elementor-element.elementor-element-7ecc2f6{--display:flex;--padding-top:8%;--padding-bottom:12%;--padding-left:8%;--padding-right:8%;}.elementor-widget-text-editor{font-family:var( --e-global-typography-text-font-family ), Sans-serif;font-weight:var( --e-global-typography-text-font-weight );text-decoration:var( --e-global-typography-text-text-decoration );color:var( --e-global-color-text );}.elementor-widget-text-editor.elementor-drop-cap-view-stacked .elementor-drop-cap{background-color:var( --e-global-color-primary );}.elementor-widget-text-editor.elementor-drop-cap-view-framed .elementor-drop-cap, .elementor-widget-text-editor.elementor-drop-cap-view-default .elementor-drop-cap{color:var( --e-global-color-primary );border-color:var( --e-global-color-primary );}.elementor-7040 .elementor-element.elementor-element-41c898f{width:var( --container-widget-width, 100% );max-width:100%;--container-widget-width:100%;--container-widget-flex-grow:0;font-family:\"Roboto\", Sans-serif;font-size:16px;font-weight:200;line-height:32px;color:var( --e-global-color-text );}.elementor-7040 .elementor-element.elementor-element-41c898f.elementor-element{--align-self:flex-start;}.elementor-7040 .elementor-element.elementor-element-d14c4f3{width:var( --container-widget-width, 100% );max-width:100%;padding:0% 0% 1% 0%;--container-widget-width:100%;--container-widget-flex-grow:0;text-align:left;}.elementor-7040 .elementor-element.elementor-element-d14c4f3 .elementor-heading-title{font-family:\"Roboto\", Sans-serif;font-size:42px;font-weight:200;color:var( --e-global-color-text );}.elementor-7040 .elementor-element.elementor-element-d083e4f{width:var( --container-widget-width, 100% );max-width:100%;--container-widget-width:100%;--container-widget-flex-grow:0;font-family:\"Roboto\", Sans-serif;font-size:16px;font-weight:200;line-height:32px;color:#000000;}.elementor-7040 .elementor-element.elementor-element-d083e4f.elementor-element{--align-self:flex-start;}:root{--page-title-display:none;}@media(max-width:1366px){.elementor-7040 .elementor-element.elementor-element-113c34b .elementor-heading-title{font-size:52px;}}@media(max-width:1200px){.elementor-7040 .elementor-element.elementor-element-46217ee{--min-height:62vh;}.elementor-7040 .elementor-element.elementor-element-113c34b .elementor-heading-title{font-size:42px;}.elementor-7040 .elementor-element.elementor-element-d14c4f3 .elementor-heading-title{font-size:42px;}}@media(max-width:1024px){.elementor-7040 .elementor-element.elementor-element-46217ee{--min-height:65vh;}.elementor-7040 .elementor-element.elementor-element-113c34b .elementor-heading-title{font-size:42px;}.elementor-7040 .elementor-element.elementor-element-2687206{--min-height:86vh;--flex-direction:column-reverse;--container-widget-width:100%;--container-widget-height:initial;--container-widget-flex-grow:0;--container-widget-align-self:initial;--flex-wrap-mobile:wrap;}.elementor-7040 .elementor-element.elementor-element-ff8abf4{--min-height:45vh;}.elementor-7040 .elementor-element.elementor-element-7ecc2f6{--padding-top:0%;--padding-bottom:0%;--padding-left:0%;--padding-right:0%;}.elementor-7040 .elementor-element.elementor-element-d14c4f3 .elementor-heading-title{font-size:32px;}}@media(max-width:880px){.elementor-7040 .elementor-element.elementor-element-46217ee{--min-height:65vh;}.elementor-7040 .elementor-element.elementor-element-113c34b .elementor-heading-title{font-size:42px;}.elementor-7040 .elementor-element.elementor-element-2687206{--flex-direction:column-reverse;--container-widget-width:100%;--container-widget-height:initial;--container-widget-flex-grow:0;--container-widget-align-self:initial;--flex-wrap-mobile:wrap;}.elementor-7040 .elementor-element.elementor-element-ff8abf4{--min-height:45vh;}.elementor-7040 .elementor-element.elementor-element-7ecc2f6{--padding-top:0%;--padding-bottom:0%;--padding-left:0%;--padding-right:0%;}.elementor-7040 .elementor-element.elementor-element-d14c4f3 .elementor-heading-title{font-size:32px;}}@media(max-width:767px){.elementor-7040 .elementor-element.elementor-element-c178ad6{--min-height:65vh;}.elementor-7040 .elementor-element.elementor-element-113c34b .elementor-heading-title{font-size:42px;}.elementor-7040 .elementor-element.elementor-element-8873520{--min-height:45vh;}.elementor-7040 .elementor-element.elementor-element-ff8abf4{--min-height:45vh;}.elementor-7040 .elementor-element.elementor-element-7ecc2f6{--padding-top:4%;--padding-bottom:4%;--padding-left:0%;--padding-right:0%;}.elementor-7040 .elementor-element.elementor-element-d14c4f3 .elementor-heading-title{font-size:32px;}}@media(min-width:768px){.elementor-7040 .elementor-element.elementor-element-c178ad6{--width:50%;}.elementor-7040 .elementor-element.elementor-element-8873520{--width:50%;}.elementor-7040 .elementor-element.elementor-element-ff8abf4{--width:50%;}.elementor-7040 .elementor-element.elementor-element-36797bd{--width:50%;}}@media(max-width:1024px) and (min-width:768px){.elementor-7040 .elementor-element.elementor-element-ff8abf4{--width:97.326%;}.elementor-7040 .elementor-element.elementor-element-36797bd{--width:806.266px;}.elementor-7040 .elementor-element.elementor-element-7ecc2f6{--width:100%;}}@media(max-width:880px) and (min-width:768px){.elementor-7040 .elementor-element.elementor-element-ff8abf4{--width:100%;}.elementor-7040 .elementor-element.elementor-element-7ecc2f6{--width:100%;}}<\/style>\t\t<div data-elementor-type=\"wp-page\" data-elementor-id=\"7040\" class=\"elementor elementor-7040 elementor-146\" data-elementor-post-type=\"page\">\n\t\t\t\t<div class=\"elementor-element elementor-element-46217ee e-con-full e-flex e-con e-parent\" data-id=\"46217ee\" data-element_type=\"container\">\n\t\t<div class=\"elementor-element elementor-element-c178ad6 e-con-full e-flex e-con e-child\" data-id=\"c178ad6\" data-element_type=\"container\" data-settings=\"{&quot;background_background&quot;:&quot;classic&quot;}\">\n\t\t\t\t<div class=\"elementor-element elementor-element-8d67581 elementor-widget elementor-widget-breadcrumbs\" data-id=\"8d67581\" data-element_type=\"widget\" data-widget_type=\"breadcrumbs.default\">\n\t\t\t\t\t<p id=\"breadcrumbs\"><span><span><a href=\"https:\/\/idemdental.es\/fr\/accueil\/\">Inicio<\/a><\/span><\/span><\/p>\t\t\t\t<\/div>\n\t\t\t\t<div class=\"elementor-element elementor-element-113c34b elementor-widget elementor-widget-heading\" data-id=\"113c34b\" data-element_type=\"widget\" data-widget_type=\"heading.default\">\n\t\t\t\t\t<h1 class=\"elementor-heading-title elementor-size-default\"><i style=\"font-family: 'Playfair display', sans-serif\">\u00c9nergie r\u00e9paratrice<\/i> l\u00e9g\u00e8re post-op\u00e9ratoire : r\u00e9cup\u00e9ration optimis\u00e9e d\u00e8s la premi\u00e8re minute.<\/h1>\t\t\t\t<\/div>\n\t\t\t\t<\/div>\n\t\t<div class=\"elementor-element elementor-element-8873520 e-con-full e-flex e-con e-child\" data-id=\"8873520\" data-element_type=\"container\" data-settings=\"{&quot;background_background&quot;:&quot;classic&quot;}\">\n\t\t\t\t<\/div>\n\t\t\t\t<\/div>\n\t\t<div class=\"elementor-element elementor-element-2687206 e-con-full e-flex e-con e-parent\" data-id=\"2687206\" data-element_type=\"container\" data-settings=\"{&quot;background_background&quot;:&quot;classic&quot;}\">\n\t\t<div class=\"elementor-element elementor-element-ff8abf4 e-con-full e-flex e-con e-child\" data-id=\"ff8abf4\" data-element_type=\"container\" data-settings=\"{&quot;background_background&quot;:&quot;classic&quot;}\">\n\t\t\t\t<\/div>\n\t\t<div class=\"elementor-element elementor-element-36797bd e-con-full e-flex e-con e-child\" data-id=\"36797bd\" data-element_type=\"container\">\n\t\t<div class=\"elementor-element elementor-element-7ecc2f6 e-con-full e-flex e-con e-child\" data-id=\"7ecc2f6\" data-element_type=\"container\">\n\t\t\t\t<div class=\"elementor-element elementor-element-41c898f elementor-widget__width-initial elementor-widget elementor-widget-text-editor\" data-id=\"41c898f\" data-element_type=\"widget\" data-widget_type=\"text-editor.default\">\n\t\t\t\t\t\t\t\t\t<p>Chez IDEM, chaque d\u00e9tail de votre traitement est con\u00e7u pour favoriser une convalescence plus rapide, plus s\u00fbre et plus confortable. C&rsquo;est pourquoi, apr\u00e8s certaines interventions chirurgicales, nous utilisons la lumi\u00e8re r\u00e9paratrice, une forme sp\u00e9cifique de luminoth\u00e9rapie postop\u00e9ratoire qui acc\u00e9l\u00e8re la r\u00e9g\u00e9n\u00e9ration des tissus trait\u00e9s. <\/p>\t\t\t\t\t\t\t\t<\/div>\n\t\t\t\t<div class=\"elementor-element elementor-element-d14c4f3 elementor-widget__width-initial elementor-widget elementor-widget-heading\" data-id=\"d14c4f3\" data-element_type=\"widget\" data-widget_type=\"heading.default\">\n\t\t\t\t\t<h2 class=\"elementor-heading-title elementor-size-default\"><i style=\"font-family: 'Playfair display', sans-serif\">Bienfaits<\/i> de la luminoth\u00e9rapie r\u00e9paratrice apr\u00e8s une intervention chirurgicale <\/h2>\t\t\t\t<\/div>\n\t\t\t\t<div class=\"elementor-element elementor-element-d083e4f elementor-widget__width-initial elementor-widget elementor-widget-text-editor\" data-id=\"d083e4f\" data-element_type=\"widget\" data-widget_type=\"text-editor.default\">\n\t\t\t\t\t\t\t\t\t<p><strong>Utilisant la technologie LED \u00e0 faible intensit\u00e9<\/strong>, cette lumi\u00e8re agit sur la zone trait\u00e9e pour :<\/p>\n<ul>\n<li>R\u00e9duire l&rsquo;inflammation<\/li>\n<li>R\u00e9duire la douleur<\/li>\n<li>Acc\u00e9l\u00e9rer la gu\u00e9rison naturelle<\/li>\n<li>Favoriser une meilleure int\u00e9gration des implants et des tissus<\/li>\n<\/ul><div><br><\/div>\n<p>Il s&rsquo;agit d&rsquo;une proc\u00e9dure non invasive et indolore, sans effets secondaires,<br>cela fait partie de notre engagement \u00e0 prendre soin de vous apr\u00e8s chaque traitement.<\/p>\n<p><strong>Chez IDEM, le bien-\u00eatre ne s&rsquo;arr\u00eate pas \u00e0 la salle d&rsquo;op\u00e9ration. Il commence juste apr\u00e8s. <\/strong><\/p>\t\t\t\t\t\t\t\t<\/div>\n\t\t\t\t<\/div>\n\t\t\t\t<\/div>\n\t\t\t\t<\/div>\n\t\t\t\t<\/div>\n\t\t","protected":false},"excerpt":{"rendered":"<p>\u00c9nergie r\u00e9paratrice l\u00e9g\u00e8re post-op\u00e9ratoire : r\u00e9cup\u00e9ration optimis\u00e9e d\u00e8s la premi\u00e8re minute. Chez IDEM, chaque d\u00e9tail de votre traitement est con\u00e7u pour favoriser une convalescence plus rapide, plus s\u00fbre et plus confortable. C&rsquo;est pourquoi, apr\u00e8s certaines interventions chirurgicales, nous utilisons la lumi\u00e8re r\u00e9paratrice, une forme sp\u00e9cifique de luminoth\u00e9rapie postop\u00e9ratoire qui acc\u00e9l\u00e8re la r\u00e9g\u00e9n\u00e9ration des tissus trait\u00e9s. [&hellip;]<\/p>\n","protected":false},"author":1,"featured_media":0,"parent":0,"menu_order":0,"comment_status":"closed","ping_status":"closed","template":"","meta":{"footnotes":""},"class_list":["post-7040","page","type-page","status-publish","hentry"],"yoast_head":"<!-- This site is optimized with the Yoast SEO plugin v26.4 - https:\/\/yoast.com\/wordpress\/plugins\/seo\/ -->\n<title>\u00c9nergie lumineuse r\u00e9paratrice apr\u00e8s une intervention chirurgicale - IDEM<\/title>\n<meta name=\"description\" content=\"Chaque d\u00e9tail de votre traitement est con\u00e7u pour favoriser une bonne convalescence. Venez d\u00e9couvrir les bienfaits de la luminoth\u00e9rapie r\u00e9paratrice apr\u00e8s une intervention chirurgicale \u2713\" \/>\n<meta name=\"robots\" content=\"index, follow, max-snippet:-1, max-image-preview:large, max-video-preview:-1\" \/>\n<link rel=\"canonical\" href=\"https:\/\/idemdental.es\/fr\/energie-lumineuse-reparatrice-apres-une-intervention-chirurgicale\/\" \/>\n<meta property=\"og:locale\" content=\"fr_FR\" \/>\n<meta property=\"og:type\" content=\"article\" \/>\n<meta property=\"og:title\" content=\"\u00c9nergie lumineuse r\u00e9paratrice apr\u00e8s une intervention chirurgicale - IDEM\" \/>\n<meta property=\"og:description\" content=\"Chaque d\u00e9tail de votre traitement est con\u00e7u pour favoriser une bonne convalescence. Venez d\u00e9couvrir les bienfaits de la luminoth\u00e9rapie r\u00e9paratrice apr\u00e8s une intervention chirurgicale \u2713\" \/>\n<meta property=\"og:url\" content=\"https:\/\/idemdental.es\/fr\/energie-lumineuse-reparatrice-apres-une-intervention-chirurgicale\/\" \/>\n<meta property=\"og:site_name\" content=\"IDEM\" \/>\n<meta property=\"article:modified_time\" content=\"2025-11-21T07:47:40+00:00\" \/>\n<meta name=\"twitter:card\" content=\"summary_large_image\" \/>\n<meta name=\"twitter:label1\" content=\"Dur\u00e9e de lecture estim\u00e9e\" \/>\n\t<meta name=\"twitter:data1\" content=\"1 minute\" \/>\n<script type=\"application\/ld+json\" class=\"yoast-schema-graph\">{\"@context\":\"https:\/\/schema.org\",\"@graph\":[{\"@type\":\"WebPage\",\"@id\":\"https:\/\/idemdental.es\/fr\/energie-lumineuse-reparatrice-apres-une-intervention-chirurgicale\/\",\"url\":\"https:\/\/idemdental.es\/fr\/energie-lumineuse-reparatrice-apres-une-intervention-chirurgicale\/\",\"name\":\"\u00c9nergie lumineuse r\u00e9paratrice apr\u00e8s une intervention chirurgicale - IDEM\",\"isPartOf\":{\"@id\":\"https:\/\/idemdental.es\/fr\/#website\"},\"datePublished\":\"2025-08-20T10:55:18+00:00\",\"dateModified\":\"2025-11-21T07:47:40+00:00\",\"description\":\"Chaque d\u00e9tail de votre traitement est con\u00e7u pour favoriser une bonne convalescence. Venez d\u00e9couvrir les bienfaits de la luminoth\u00e9rapie r\u00e9paratrice apr\u00e8s une intervention chirurgicale \u2713\",\"breadcrumb\":{\"@id\":\"https:\/\/idemdental.es\/fr\/energie-lumineuse-reparatrice-apres-une-intervention-chirurgicale\/#breadcrumb\"},\"inLanguage\":\"fr-FR\",\"potentialAction\":[{\"@type\":\"ReadAction\",\"target\":[\"https:\/\/idemdental.es\/fr\/energie-lumineuse-reparatrice-apres-une-intervention-chirurgicale\/\"]}]},{\"@type\":\"BreadcrumbList\",\"@id\":\"https:\/\/idemdental.es\/fr\/energie-lumineuse-reparatrice-apres-une-intervention-chirurgicale\/#breadcrumb\",\"itemListElement\":[{\"@type\":\"ListItem\",\"position\":1,\"name\":\"Inicio\",\"item\":\"https:\/\/idemdental.es\/fr\/accueil\/\"},{\"@type\":\"ListItem\",\"position\":2,\"name\":\"\u00c9nergie lumineuse r\u00e9paratrice apr\u00e8s une intervention chirurgicale\"}]},{\"@type\":\"WebSite\",\"@id\":\"https:\/\/idemdental.es\/fr\/#website\",\"url\":\"https:\/\/idemdental.es\/fr\/\",\"name\":\"IDEM\",\"description\":\"Cl\u00ednica dental Alicante\",\"potentialAction\":[{\"@type\":\"SearchAction\",\"target\":{\"@type\":\"EntryPoint\",\"urlTemplate\":\"https:\/\/idemdental.es\/fr\/?s={search_term_string}\"},\"query-input\":{\"@type\":\"PropertyValueSpecification\",\"valueRequired\":true,\"valueName\":\"search_term_string\"}}],\"inLanguage\":\"fr-FR\"}]}<\/script>\n<!-- \/ Yoast SEO plugin. -->","yoast_head_json":{"title":"\u00c9nergie lumineuse r\u00e9paratrice apr\u00e8s une intervention chirurgicale - IDEM","description":"Chaque d\u00e9tail de votre traitement est con\u00e7u pour favoriser une bonne convalescence. Venez d\u00e9couvrir les bienfaits de la luminoth\u00e9rapie r\u00e9paratrice apr\u00e8s une intervention chirurgicale \u2713","robots":{"index":"index","follow":"follow","max-snippet":"max-snippet:-1","max-image-preview":"max-image-preview:large","max-video-preview":"max-video-preview:-1"},"canonical":"https:\/\/idemdental.es\/fr\/energie-lumineuse-reparatrice-apres-une-intervention-chirurgicale\/","og_locale":"fr_FR","og_type":"article","og_title":"\u00c9nergie lumineuse r\u00e9paratrice apr\u00e8s une intervention chirurgicale - IDEM","og_description":"Chaque d\u00e9tail de votre traitement est con\u00e7u pour favoriser une bonne convalescence. Venez d\u00e9couvrir les bienfaits de la luminoth\u00e9rapie r\u00e9paratrice apr\u00e8s une intervention chirurgicale \u2713","og_url":"https:\/\/idemdental.es\/fr\/energie-lumineuse-reparatrice-apres-une-intervention-chirurgicale\/","og_site_name":"IDEM","article_modified_time":"2025-11-21T07:47:40+00:00","twitter_card":"summary_large_image","twitter_misc":{"Dur\u00e9e de lecture estim\u00e9e":"1 minute"},"schema":{"@context":"https:\/\/schema.org","@graph":[{"@type":"WebPage","@id":"https:\/\/idemdental.es\/fr\/energie-lumineuse-reparatrice-apres-une-intervention-chirurgicale\/","url":"https:\/\/idemdental.es\/fr\/energie-lumineuse-reparatrice-apres-une-intervention-chirurgicale\/","name":"\u00c9nergie lumineuse r\u00e9paratrice apr\u00e8s une intervention chirurgicale - IDEM","isPartOf":{"@id":"https:\/\/idemdental.es\/fr\/#website"},"datePublished":"2025-08-20T10:55:18+00:00","dateModified":"2025-11-21T07:47:40+00:00","description":"Chaque d\u00e9tail de votre traitement est con\u00e7u pour favoriser une bonne convalescence. Venez d\u00e9couvrir les bienfaits de la luminoth\u00e9rapie r\u00e9paratrice apr\u00e8s une intervention chirurgicale \u2713","breadcrumb":{"@id":"https:\/\/idemdental.es\/fr\/energie-lumineuse-reparatrice-apres-une-intervention-chirurgicale\/#breadcrumb"},"inLanguage":"fr-FR","potentialAction":[{"@type":"ReadAction","target":["https:\/\/idemdental.es\/fr\/energie-lumineuse-reparatrice-apres-une-intervention-chirurgicale\/"]}]},{"@type":"BreadcrumbList","@id":"https:\/\/idemdental.es\/fr\/energie-lumineuse-reparatrice-apres-une-intervention-chirurgicale\/#breadcrumb","itemListElement":[{"@type":"ListItem","position":1,"name":"Inicio","item":"https:\/\/idemdental.es\/fr\/accueil\/"},{"@type":"ListItem","position":2,"name":"\u00c9nergie lumineuse r\u00e9paratrice apr\u00e8s une intervention chirurgicale"}]},{"@type":"WebSite","@id":"https:\/\/idemdental.es\/fr\/#website","url":"https:\/\/idemdental.es\/fr\/","name":"IDEM","description":"Cl\u00ednica dental Alicante","potentialAction":[{"@type":"SearchAction","target":{"@type":"EntryPoint","urlTemplate":"https:\/\/idemdental.es\/fr\/?s={search_term_string}"},"query-input":{"@type":"PropertyValueSpecification","valueRequired":true,"valueName":"search_term_string"}}],"inLanguage":"fr-FR"}]}},"_links":{"self":[{"href":"https:\/\/idemdental.es\/fr\/wp-json\/wp\/v2\/pages\/7040","targetHints":{"allow":["GET"]}}],"collection":[{"href":"https:\/\/idemdental.es\/fr\/wp-json\/wp\/v2\/pages"}],"about":[{"href":"https:\/\/idemdental.es\/fr\/wp-json\/wp\/v2\/types\/page"}],"author":[{"embeddable":true,"href":"https:\/\/idemdental.es\/fr\/wp-json\/wp\/v2\/users\/1"}],"replies":[{"embeddable":true,"href":"https:\/\/idemdental.es\/fr\/wp-json\/wp\/v2\/comments?post=7040"}],"version-history":[{"count":1,"href":"https:\/\/idemdental.es\/fr\/wp-json\/wp\/v2\/pages\/7040\/revisions"}],"predecessor-version":[{"id":7044,"href":"https:\/\/idemdental.es\/fr\/wp-json\/wp\/v2\/pages\/7040\/revisions\/7044"}],"wp:attachment":[{"href":"https:\/\/idemdental.es\/fr\/wp-json\/wp\/v2\/media?parent=7040"}],"curies":[{"name":"wp","href":"https:\/\/api.w.org\/{rel}","templated":true}]}}